{"id":854,"date":"2023-06-28T10:03:27","date_gmt":"2023-06-28T10:03:27","guid":{"rendered":"https:\/\/mensworldclinic.com\/?post_type=product&#038;p=854"},"modified":"2026-04-27T09:37:55","modified_gmt":"2026-04-27T09:37:55","slug":"activ-color-balance","status":"publish","type":"product","link":"https:\/\/test19108.futurehost.pl\/mwctest\/produkt\/activ-color-balance\/","title":{"rendered":"ACTIV &#8211; Color balance"},"content":{"rendered":"<h4><strong>Kluczowe Cechy:<\/strong><\/h4>\n<ul>\n<li><strong>Ochrona koloru:<\/strong> specjalne sk\u0142adniki chroni\u0105 kolor w\u0142os\u00f3w przed blakni\u0119ciem i matowieniem, zapewniaj\u0105c d\u0142ugotrwa\u0142y i intensywny efekt.<\/li>\n<li><strong>Nawil\u017cenie i od\u017cywienie:<\/strong> zawarte w formule witaminy i naturalne ekstrakty ro\u015blinne g\u0142\u0119boko nawil\u017caj\u0105 i od\u017cywiaj\u0105 w\u0142osy, przywracaj\u0105c im zdrowy wygl\u0105d.<\/li>\n<li><strong>Odbudowa struktury:<\/strong> proteiny jedwabiu i keratyna regeneruj\u0105 zniszczone w\u0142osy, wzmacniaj\u0105c ich struktur\u0119 i zapobiegaj\u0105c \u0142amliwo\u015bci.<\/li>\n<li><strong>Ochrona przed uszkodzeniami:<\/strong> tworzy na powierzchni w\u0142osa ochronn\u0105 warstw\u0119, kt\u00f3ra chroni przed szkodliwym dzia\u0142aniem promieni UV, wysok\u0105 temperatur\u0105 i zanieczyszczeniami.<\/li>\n<li><strong>\u0141atwe rozczesywanie:<\/strong> u\u0142atwia rozczesywanie w\u0142os\u00f3w, zapobiegaj\u0105c ich pl\u0105taniu si\u0119 i minimalizuj\u0105c ryzyko uszkodze\u0144 mechanicznych.<\/li>\n<\/ul>\n<h4><strong>Dla Kogo:<\/strong><\/h4>\n<p>Idealny dla os\u00f3b z farbowanymi w\u0142osami, kt\u00f3re chc\u0105 zachowa\u0107 intensywno\u015b\u0107 koloru na d\u0142u\u017cej oraz zapewni\u0107 swoim w\u0142osom odpowiedni\u0105 ochron\u0119 i piel\u0119gnacj\u0119. Odpowiedni do ka\u017cdego rodzaju w\u0142os\u00f3w.<\/p>\n<h4><strong>Pojemno\u015b\u0107:<\/strong><\/h4>\n<p>200ml<\/p>\n","protected":false},"excerpt":{"rendered":"<p><strong>Activ Color Balance<\/strong> to zaawansowany produkt stworzony specjalnie do piel\u0119gnacji i ochrony koloru w\u0142os\u00f3w farbowanych. Jego unikalna formu\u0142a nie tylko utrzymuje intensywno\u015b\u0107 koloru, ale r\u00f3wnie\u017c regeneruje i nawil\u017ca w\u0142osy, zapewniaj\u0105c im zdrowy wygl\u0105d i blask.<\/p>\n","protected":false},"featured_media":6661,"template":"","meta":{"_et_pb_use_builder":"","_et_pb_old_content":"","_et_gb_content_width":"","inline_featured_image":false},"product_brand":[],"product_cat":[21],"product_tag":[],"class_list":{"0":"post-854","1":"product","2":"type-product","3":"status-publish","4":"has-post-thumbnail","6":"product_cat-pielegnacja","8":"first","9":"outofstock","10":"taxable","11":"shipping-taxable","12":"purchasable","13":"product-type-simple"},"yoast_head":"<!-- This site is optimized with the Yoast SEO plugin v27.4 - https:\/\/yoast.com\/product\/yoast-seo-wordpress\/ -->\n<title>ACTIV - Color balance - Mens World Clinic<\/title>\n<meta name=\"robots\" content=\"index, follow, max-snippet:-1, max-image-preview:large, max-video-preview:-1\" \/>\n<link rel=\"canonical\" href=\"https:\/\/test19108.futurehost.pl\/mwctest\/produkt\/activ-color-balance\/\" \/>\n<meta property=\"og:locale\" content=\"pl_PL\" \/>\n<meta property=\"og:type\" content=\"article\" \/>\n<meta property=\"og:title\" content=\"ACTIV - Color balance - Mens World Clinic\" \/>\n<meta property=\"og:description\" content=\"Activ Color Balance to zaawansowany produkt stworzony specjalnie do piel\u0119gnacji i ochrony koloru w\u0142os\u00f3w farbowanych. Jego unikalna formu\u0142a nie tylko utrzymuje intensywno\u015b\u0107 koloru, ale r\u00f3wnie\u017c regeneruje i nawil\u017ca w\u0142osy, zapewniaj\u0105c im zdrowy wygl\u0105d i blask.\" \/>\n<meta property=\"og:url\" content=\"https:\/\/test19108.futurehost.pl\/mwctest\/produkt\/activ-color-balance\/\" \/>\n<meta property=\"og:site_name\" content=\"Mens World Clinic\" \/>\n<meta property=\"article:modified_time\" content=\"2026-04-27T09:37:55+00:00\" \/>\n<meta property=\"og:image\" content=\"http:\/\/test19108.futurehost.pl\/mwctest\/wp-content\/uploads\/2023\/06\/color-balance.webp\" \/>\n\t<meta property=\"og:image:width\" content=\"800\" \/>\n\t<meta property=\"og:image:height\" content=\"800\" \/>\n\t<meta property=\"og:image:type\" content=\"image\/webp\" \/>\n<meta name=\"twitter:card\" content=\"summary_large_image\" \/>\n<meta name=\"twitter:label1\" content=\"Szacowany czas czytania\" \/>\n\t<meta name=\"twitter:data1\" content=\"1 minuta\" \/>\n<script type=\"application\/ld+json\" class=\"yoast-schema-graph\">{\"@context\":\"https:\\\/\\\/schema.org\",\"@graph\":[{\"@type\":\"WebPage\",\"@id\":\"https:\\\/\\\/test19108.futurehost.pl\\\/mwctest\\\/produkt\\\/activ-color-balance\\\/\",\"url\":\"https:\\\/\\\/test19108.futurehost.pl\\\/mwctest\\\/produkt\\\/activ-color-balance\\\/\",\"name\":\"ACTIV - Color balance - Mens World Clinic\",\"isPartOf\":{\"@id\":\"https:\\\/\\\/test19108.futurehost.pl\\\/mwctest\\\/#website\"},\"primaryImageOfPage\":{\"@id\":\"https:\\\/\\\/test19108.futurehost.pl\\\/mwctest\\\/produkt\\\/activ-color-balance\\\/#primaryimage\"},\"image\":{\"@id\":\"https:\\\/\\\/test19108.futurehost.pl\\\/mwctest\\\/produkt\\\/activ-color-balance\\\/#primaryimage\"},\"thumbnailUrl\":\"https:\\\/\\\/test19108.futurehost.pl\\\/mwctest\\\/wp-content\\\/uploads\\\/2023\\\/06\\\/color-balance.webp\",\"datePublished\":\"2023-06-28T10:03:27+00:00\",\"dateModified\":\"2026-04-27T09:37:55+00:00\",\"breadcrumb\":{\"@id\":\"https:\\\/\\\/test19108.futurehost.pl\\\/mwctest\\\/produkt\\\/activ-color-balance\\\/#breadcrumb\"},\"inLanguage\":\"pl-PL\",\"potentialAction\":[{\"@type\":\"ReadAction\",\"target\":[\"https:\\\/\\\/test19108.futurehost.pl\\\/mwctest\\\/produkt\\\/activ-color-balance\\\/\"]}]},{\"@type\":\"ImageObject\",\"inLanguage\":\"pl-PL\",\"@id\":\"https:\\\/\\\/test19108.futurehost.pl\\\/mwctest\\\/produkt\\\/activ-color-balance\\\/#primaryimage\",\"url\":\"https:\\\/\\\/test19108.futurehost.pl\\\/mwctest\\\/wp-content\\\/uploads\\\/2023\\\/06\\\/color-balance.webp\",\"contentUrl\":\"https:\\\/\\\/test19108.futurehost.pl\\\/mwctest\\\/wp-content\\\/uploads\\\/2023\\\/06\\\/color-balance.webp\",\"width\":800,\"height\":800},{\"@type\":\"BreadcrumbList\",\"@id\":\"https:\\\/\\\/test19108.futurehost.pl\\\/mwctest\\\/produkt\\\/activ-color-balance\\\/#breadcrumb\",\"itemListElement\":[{\"@type\":\"ListItem\",\"position\":1,\"name\":\"Strona g\u0142\u00f3wna\",\"item\":\"https:\\\/\\\/test19108.futurehost.pl\\\/mwctest\\\/\"},{\"@type\":\"ListItem\",\"position\":2,\"name\":\"Sklep\",\"item\":\"https:\\\/\\\/test19108.futurehost.pl\\\/mwctest\\\/sklep2\\\/\"},{\"@type\":\"ListItem\",\"position\":3,\"name\":\"ACTIV &#8211; Color balance\"}]},{\"@type\":\"WebSite\",\"@id\":\"https:\\\/\\\/test19108.futurehost.pl\\\/mwctest\\\/#website\",\"url\":\"https:\\\/\\\/test19108.futurehost.pl\\\/mwctest\\\/\",\"name\":\"Mens World Clinic\",\"description\":\"Jedyna taka klinika w Polsce\",\"potentialAction\":[{\"@type\":\"SearchAction\",\"target\":{\"@type\":\"EntryPoint\",\"urlTemplate\":\"https:\\\/\\\/test19108.futurehost.pl\\\/mwctest\\\/?s={search_term_string}\"},\"query-input\":{\"@type\":\"PropertyValueSpecification\",\"valueRequired\":true,\"valueName\":\"search_term_string\"}}],\"inLanguage\":\"pl-PL\"}]}<\/script>\n<!-- \/ Yoast SEO plugin. -->","yoast_head_json":{"title":"ACTIV - Color balance - Mens World Clinic","robots":{"index":"index","follow":"follow","max-snippet":"max-snippet:-1","max-image-preview":"max-image-preview:large","max-video-preview":"max-video-preview:-1"},"canonical":"https:\/\/test19108.futurehost.pl\/mwctest\/produkt\/activ-color-balance\/","og_locale":"pl_PL","og_type":"article","og_title":"ACTIV - Color balance - Mens World Clinic","og_description":"Activ Color Balance to zaawansowany produkt stworzony specjalnie do piel\u0119gnacji i ochrony koloru w\u0142os\u00f3w farbowanych. Jego unikalna formu\u0142a nie tylko utrzymuje intensywno\u015b\u0107 koloru, ale r\u00f3wnie\u017c regeneruje i nawil\u017ca w\u0142osy, zapewniaj\u0105c im zdrowy wygl\u0105d i blask.","og_url":"https:\/\/test19108.futurehost.pl\/mwctest\/produkt\/activ-color-balance\/","og_site_name":"Mens World Clinic","article_modified_time":"2026-04-27T09:37:55+00:00","og_image":[{"width":800,"height":800,"url":"http:\/\/test19108.futurehost.pl\/mwctest\/wp-content\/uploads\/2023\/06\/color-balance.webp","type":"image\/webp"}],"twitter_card":"summary_large_image","twitter_misc":{"Szacowany czas czytania":"1 minuta"},"schema":{"@context":"https:\/\/schema.org","@graph":[{"@type":"WebPage","@id":"https:\/\/test19108.futurehost.pl\/mwctest\/produkt\/activ-color-balance\/","url":"https:\/\/test19108.futurehost.pl\/mwctest\/produkt\/activ-color-balance\/","name":"ACTIV - Color balance - Mens World Clinic","isPartOf":{"@id":"https:\/\/test19108.futurehost.pl\/mwctest\/#website"},"primaryImageOfPage":{"@id":"https:\/\/test19108.futurehost.pl\/mwctest\/produkt\/activ-color-balance\/#primaryimage"},"image":{"@id":"https:\/\/test19108.futurehost.pl\/mwctest\/produkt\/activ-color-balance\/#primaryimage"},"thumbnailUrl":"https:\/\/test19108.futurehost.pl\/mwctest\/wp-content\/uploads\/2023\/06\/color-balance.webp","datePublished":"2023-06-28T10:03:27+00:00","dateModified":"2026-04-27T09:37:55+00:00","breadcrumb":{"@id":"https:\/\/test19108.futurehost.pl\/mwctest\/produkt\/activ-color-balance\/#breadcrumb"},"inLanguage":"pl-PL","potentialAction":[{"@type":"ReadAction","target":["https:\/\/test19108.futurehost.pl\/mwctest\/produkt\/activ-color-balance\/"]}]},{"@type":"ImageObject","inLanguage":"pl-PL","@id":"https:\/\/test19108.futurehost.pl\/mwctest\/produkt\/activ-color-balance\/#primaryimage","url":"https:\/\/test19108.futurehost.pl\/mwctest\/wp-content\/uploads\/2023\/06\/color-balance.webp","contentUrl":"https:\/\/test19108.futurehost.pl\/mwctest\/wp-content\/uploads\/2023\/06\/color-balance.webp","width":800,"height":800},{"@type":"BreadcrumbList","@id":"https:\/\/test19108.futurehost.pl\/mwctest\/produkt\/activ-color-balance\/#breadcrumb","itemListElement":[{"@type":"ListItem","position":1,"name":"Strona g\u0142\u00f3wna","item":"https:\/\/test19108.futurehost.pl\/mwctest\/"},{"@type":"ListItem","position":2,"name":"Sklep","item":"https:\/\/test19108.futurehost.pl\/mwctest\/sklep2\/"},{"@type":"ListItem","position":3,"name":"ACTIV &#8211; Color balance"}]},{"@type":"WebSite","@id":"https:\/\/test19108.futurehost.pl\/mwctest\/#website","url":"https:\/\/test19108.futurehost.pl\/mwctest\/","name":"Mens World Clinic","description":"Jedyna taka klinika w Polsce","potentialAction":[{"@type":"SearchAction","target":{"@type":"EntryPoint","urlTemplate":"https:\/\/test19108.futurehost.pl\/mwctest\/?s={search_term_string}"},"query-input":{"@type":"PropertyValueSpecification","valueRequired":true,"valueName":"search_term_string"}}],"inLanguage":"pl-PL"}]}},"_links":{"self":[{"href":"https:\/\/test19108.futurehost.pl\/mwctest\/wp-json\/wp\/v2\/product\/854","targetHints":{"allow":["GET"]}}],"collection":[{"href":"https:\/\/test19108.futurehost.pl\/mwctest\/wp-json\/wp\/v2\/product"}],"about":[{"href":"https:\/\/test19108.futurehost.pl\/mwctest\/wp-json\/wp\/v2\/types\/product"}],"wp:featuredmedia":[{"embeddable":true,"href":"https:\/\/test19108.futurehost.pl\/mwctest\/wp-json\/wp\/v2\/media\/6661"}],"wp:attachment":[{"href":"https:\/\/test19108.futurehost.pl\/mwctest\/wp-json\/wp\/v2\/media?parent=854"}],"wp:term":[{"taxonomy":"product_brand","embeddable":true,"href":"https:\/\/test19108.futurehost.pl\/mwctest\/wp-json\/wp\/v2\/product_brand?post=854"},{"taxonomy":"product_cat","embeddable":true,"href":"https:\/\/test19108.futurehost.pl\/mwctest\/wp-json\/wp\/v2\/product_cat?post=854"},{"taxonomy":"product_tag","embeddable":true,"href":"https:\/\/test19108.futurehost.pl\/mwctest\/wp-json\/wp\/v2\/product_tag?post=854"}],"curies":[{"name":"wp","href":"https:\/\/api.w.org\/{rel}","templated":true}]}}