{"id":2051,"date":"2024-07-08T10:10:20","date_gmt":"2024-07-08T10:10:20","guid":{"rendered":"https:\/\/mensworldclinic.com\/?post_type=product&#038;p=2051"},"modified":"2026-04-27T09:38:48","modified_gmt":"2026-04-27T09:38:48","slug":"activ-super-solvent-100ml","status":"publish","type":"product","link":"https:\/\/test19108.futurehost.pl\/mwctest\/produkt\/activ-super-solvent-100ml\/","title":{"rendered":"ACTIV &#8211; Super solvent 100ml"},"content":{"rendered":"<h4><strong>Kluczowe Cechy:<\/strong><\/h4>\n<ul>\n<li><strong>Skuteczne usuwanie:<\/strong> szybko i efektywnie rozpuszcza resztki kleju, ta\u015bmy, etykiet i innych uporczywych substancji.<\/li>\n<li><strong>Bezpieczny dla powierzchni:<\/strong> delikatny dla wi\u0119kszo\u015bci materia\u0142\u00f3w, nie powoduje odbarwie\u0144 ani uszkodze\u0144.<\/li>\n<li><strong>\u0141atwy w u\u017cyciu:<\/strong> wygodny aplikator pozwala na precyzyjne na\u0142o\u017cenie produktu bez rozlewania i marnowania.<\/li>\n<li><strong>Uniwersalne zastosowanie:<\/strong> idealny do u\u017cycia na r\u00f3\u017cnych powierzchniach, takich jak szk\u0142o, plastik, metal, drewno i wiele innych.<\/li>\n<li><strong>Szybkoschn\u0105ca formu\u0142a:<\/strong> pozostawia powierzchnie czyste i gotowe do dalszego u\u017cytkowania w kr\u00f3tkim czasie.<\/li>\n<\/ul>\n<h4><strong>Dla Kogo:<\/strong><\/h4>\n<p>Idealny dla os\u00f3b poszukuj\u0105cych skutecznego i bezpiecznego \u015brodka do usuwania kleju i innych trudnych do zmycia substancji z r\u00f3\u017cnych powierzchni. Niezast\u0105piony zar\u00f3wno w domu, jak i w warsztacie czy biurze.<\/p>\n<h4><strong>Pojemno\u015b\u0107:<\/strong><\/h4>\n<p>100ml<\/p>\n","protected":false},"excerpt":{"rendered":"<p><strong>Activ Super Solvent 100ml<\/strong> to specjalistyczny rozpuszczalnik stworzony do usuwania pozosta\u0142o\u015bci kleju i innych trudnych do zmycia substancji z r\u00f3\u017cnych powierzchni. Dzi\u0119ki swojej zaawansowanej formule, produkt zapewnia szybkie i skuteczne dzia\u0142anie, nie uszkadzaj\u0105c przy tym delikatnych materia\u0142\u00f3w.<\/p>\n","protected":false},"featured_media":7794,"template":"","meta":{"_et_pb_use_builder":"","_et_pb_old_content":"","_et_gb_content_width":"","inline_featured_image":false},"product_brand":[],"product_cat":[21],"product_tag":[],"class_list":{"0":"post-2051","1":"product","2":"type-product","3":"status-publish","4":"has-post-thumbnail","6":"product_cat-pielegnacja","8":"first","9":"instock","10":"taxable","11":"shipping-taxable","12":"purchasable","13":"product-type-simple"},"yoast_head":"<!-- This site is optimized with the Yoast SEO plugin v27.4 - https:\/\/yoast.com\/product\/yoast-seo-wordpress\/ -->\n<title>ACTIV - Super solvent 100ml - Mens World Clinic<\/title>\n<meta name=\"robots\" content=\"index, follow, max-snippet:-1, max-image-preview:large, max-video-preview:-1\" \/>\n<link rel=\"canonical\" href=\"https:\/\/test19108.futurehost.pl\/mwctest\/produkt\/activ-super-solvent-100ml\/\" \/>\n<meta property=\"og:locale\" content=\"pl_PL\" \/>\n<meta property=\"og:type\" content=\"article\" \/>\n<meta property=\"og:title\" content=\"ACTIV - Super solvent 100ml - Mens World Clinic\" \/>\n<meta property=\"og:description\" content=\"Activ Super Solvent 100ml to specjalistyczny rozpuszczalnik stworzony do usuwania pozosta\u0142o\u015bci kleju i innych trudnych do zmycia substancji z r\u00f3\u017cnych powierzchni. Dzi\u0119ki swojej zaawansowanej formule, produkt zapewnia szybkie i skuteczne dzia\u0142anie, nie uszkadzaj\u0105c przy tym delikatnych materia\u0142\u00f3w.\" \/>\n<meta property=\"og:url\" content=\"https:\/\/test19108.futurehost.pl\/mwctest\/produkt\/activ-super-solvent-100ml\/\" \/>\n<meta property=\"og:site_name\" content=\"Mens World Clinic\" \/>\n<meta property=\"article:modified_time\" content=\"2026-04-27T09:38:48+00:00\" \/>\n<meta property=\"og:image\" content=\"http:\/\/test19108.futurehost.pl\/mwctest\/wp-content\/uploads\/2024\/07\/activ-super-solvent-100ml.webp\" \/>\n\t<meta property=\"og:image:width\" content=\"652\" \/>\n\t<meta property=\"og:image:height\" content=\"652\" \/>\n\t<meta property=\"og:image:type\" content=\"image\/webp\" \/>\n<meta name=\"twitter:card\" content=\"summary_large_image\" \/>\n<meta name=\"twitter:label1\" content=\"Szacowany czas czytania\" \/>\n\t<meta name=\"twitter:data1\" content=\"1 minuta\" \/>\n<script type=\"application\/ld+json\" class=\"yoast-schema-graph\">{\"@context\":\"https:\\\/\\\/schema.org\",\"@graph\":[{\"@type\":\"WebPage\",\"@id\":\"https:\\\/\\\/test19108.futurehost.pl\\\/mwctest\\\/produkt\\\/activ-super-solvent-100ml\\\/\",\"url\":\"https:\\\/\\\/test19108.futurehost.pl\\\/mwctest\\\/produkt\\\/activ-super-solvent-100ml\\\/\",\"name\":\"ACTIV - Super solvent 100ml - Mens World Clinic\",\"isPartOf\":{\"@id\":\"https:\\\/\\\/test19108.futurehost.pl\\\/mwctest\\\/#website\"},\"primaryImageOfPage\":{\"@id\":\"https:\\\/\\\/test19108.futurehost.pl\\\/mwctest\\\/produkt\\\/activ-super-solvent-100ml\\\/#primaryimage\"},\"image\":{\"@id\":\"https:\\\/\\\/test19108.futurehost.pl\\\/mwctest\\\/produkt\\\/activ-super-solvent-100ml\\\/#primaryimage\"},\"thumbnailUrl\":\"https:\\\/\\\/test19108.futurehost.pl\\\/mwctest\\\/wp-content\\\/uploads\\\/2024\\\/07\\\/activ-super-solvent-100ml.webp\",\"datePublished\":\"2024-07-08T10:10:20+00:00\",\"dateModified\":\"2026-04-27T09:38:48+00:00\",\"breadcrumb\":{\"@id\":\"https:\\\/\\\/test19108.futurehost.pl\\\/mwctest\\\/produkt\\\/activ-super-solvent-100ml\\\/#breadcrumb\"},\"inLanguage\":\"pl-PL\",\"potentialAction\":[{\"@type\":\"ReadAction\",\"target\":[\"https:\\\/\\\/test19108.futurehost.pl\\\/mwctest\\\/produkt\\\/activ-super-solvent-100ml\\\/\"]}]},{\"@type\":\"ImageObject\",\"inLanguage\":\"pl-PL\",\"@id\":\"https:\\\/\\\/test19108.futurehost.pl\\\/mwctest\\\/produkt\\\/activ-super-solvent-100ml\\\/#primaryimage\",\"url\":\"https:\\\/\\\/test19108.futurehost.pl\\\/mwctest\\\/wp-content\\\/uploads\\\/2024\\\/07\\\/activ-super-solvent-100ml.webp\",\"contentUrl\":\"https:\\\/\\\/test19108.futurehost.pl\\\/mwctest\\\/wp-content\\\/uploads\\\/2024\\\/07\\\/activ-super-solvent-100ml.webp\",\"width\":652,\"height\":652},{\"@type\":\"BreadcrumbList\",\"@id\":\"https:\\\/\\\/test19108.futurehost.pl\\\/mwctest\\\/produkt\\\/activ-super-solvent-100ml\\\/#breadcrumb\",\"itemListElement\":[{\"@type\":\"ListItem\",\"position\":1,\"name\":\"Strona g\u0142\u00f3wna\",\"item\":\"https:\\\/\\\/test19108.futurehost.pl\\\/mwctest\\\/\"},{\"@type\":\"ListItem\",\"position\":2,\"name\":\"Sklep\",\"item\":\"https:\\\/\\\/test19108.futurehost.pl\\\/mwctest\\\/sklep2\\\/\"},{\"@type\":\"ListItem\",\"position\":3,\"name\":\"ACTIV &#8211; Super solvent 100ml\"}]},{\"@type\":\"WebSite\",\"@id\":\"https:\\\/\\\/test19108.futurehost.pl\\\/mwctest\\\/#website\",\"url\":\"https:\\\/\\\/test19108.futurehost.pl\\\/mwctest\\\/\",\"name\":\"Mens World Clinic\",\"description\":\"Jedyna taka klinika w Polsce\",\"potentialAction\":[{\"@type\":\"SearchAction\",\"target\":{\"@type\":\"EntryPoint\",\"urlTemplate\":\"https:\\\/\\\/test19108.futurehost.pl\\\/mwctest\\\/?s={search_term_string}\"},\"query-input\":{\"@type\":\"PropertyValueSpecification\",\"valueRequired\":true,\"valueName\":\"search_term_string\"}}],\"inLanguage\":\"pl-PL\"}]}<\/script>\n<!-- \/ Yoast SEO plugin. -->","yoast_head_json":{"title":"ACTIV - Super solvent 100ml - Mens World Clinic","robots":{"index":"index","follow":"follow","max-snippet":"max-snippet:-1","max-image-preview":"max-image-preview:large","max-video-preview":"max-video-preview:-1"},"canonical":"https:\/\/test19108.futurehost.pl\/mwctest\/produkt\/activ-super-solvent-100ml\/","og_locale":"pl_PL","og_type":"article","og_title":"ACTIV - Super solvent 100ml - Mens World Clinic","og_description":"Activ Super Solvent 100ml to specjalistyczny rozpuszczalnik stworzony do usuwania pozosta\u0142o\u015bci kleju i innych trudnych do zmycia substancji z r\u00f3\u017cnych powierzchni. Dzi\u0119ki swojej zaawansowanej formule, produkt zapewnia szybkie i skuteczne dzia\u0142anie, nie uszkadzaj\u0105c przy tym delikatnych materia\u0142\u00f3w.","og_url":"https:\/\/test19108.futurehost.pl\/mwctest\/produkt\/activ-super-solvent-100ml\/","og_site_name":"Mens World Clinic","article_modified_time":"2026-04-27T09:38:48+00:00","og_image":[{"width":652,"height":652,"url":"http:\/\/test19108.futurehost.pl\/mwctest\/wp-content\/uploads\/2024\/07\/activ-super-solvent-100ml.webp","type":"image\/webp"}],"twitter_card":"summary_large_image","twitter_misc":{"Szacowany czas czytania":"1 minuta"},"schema":{"@context":"https:\/\/schema.org","@graph":[{"@type":"WebPage","@id":"https:\/\/test19108.futurehost.pl\/mwctest\/produkt\/activ-super-solvent-100ml\/","url":"https:\/\/test19108.futurehost.pl\/mwctest\/produkt\/activ-super-solvent-100ml\/","name":"ACTIV - Super solvent 100ml - Mens World Clinic","isPartOf":{"@id":"https:\/\/test19108.futurehost.pl\/mwctest\/#website"},"primaryImageOfPage":{"@id":"https:\/\/test19108.futurehost.pl\/mwctest\/produkt\/activ-super-solvent-100ml\/#primaryimage"},"image":{"@id":"https:\/\/test19108.futurehost.pl\/mwctest\/produkt\/activ-super-solvent-100ml\/#primaryimage"},"thumbnailUrl":"https:\/\/test19108.futurehost.pl\/mwctest\/wp-content\/uploads\/2024\/07\/activ-super-solvent-100ml.webp","datePublished":"2024-07-08T10:10:20+00:00","dateModified":"2026-04-27T09:38:48+00:00","breadcrumb":{"@id":"https:\/\/test19108.futurehost.pl\/mwctest\/produkt\/activ-super-solvent-100ml\/#breadcrumb"},"inLanguage":"pl-PL","potentialAction":[{"@type":"ReadAction","target":["https:\/\/test19108.futurehost.pl\/mwctest\/produkt\/activ-super-solvent-100ml\/"]}]},{"@type":"ImageObject","inLanguage":"pl-PL","@id":"https:\/\/test19108.futurehost.pl\/mwctest\/produkt\/activ-super-solvent-100ml\/#primaryimage","url":"https:\/\/test19108.futurehost.pl\/mwctest\/wp-content\/uploads\/2024\/07\/activ-super-solvent-100ml.webp","contentUrl":"https:\/\/test19108.futurehost.pl\/mwctest\/wp-content\/uploads\/2024\/07\/activ-super-solvent-100ml.webp","width":652,"height":652},{"@type":"BreadcrumbList","@id":"https:\/\/test19108.futurehost.pl\/mwctest\/produkt\/activ-super-solvent-100ml\/#breadcrumb","itemListElement":[{"@type":"ListItem","position":1,"name":"Strona g\u0142\u00f3wna","item":"https:\/\/test19108.futurehost.pl\/mwctest\/"},{"@type":"ListItem","position":2,"name":"Sklep","item":"https:\/\/test19108.futurehost.pl\/mwctest\/sklep2\/"},{"@type":"ListItem","position":3,"name":"ACTIV &#8211; Super solvent 100ml"}]},{"@type":"WebSite","@id":"https:\/\/test19108.futurehost.pl\/mwctest\/#website","url":"https:\/\/test19108.futurehost.pl\/mwctest\/","name":"Mens World Clinic","description":"Jedyna taka klinika w Polsce","potentialAction":[{"@type":"SearchAction","target":{"@type":"EntryPoint","urlTemplate":"https:\/\/test19108.futurehost.pl\/mwctest\/?s={search_term_string}"},"query-input":{"@type":"PropertyValueSpecification","valueRequired":true,"valueName":"search_term_string"}}],"inLanguage":"pl-PL"}]}},"_links":{"self":[{"href":"https:\/\/test19108.futurehost.pl\/mwctest\/wp-json\/wp\/v2\/product\/2051","targetHints":{"allow":["GET"]}}],"collection":[{"href":"https:\/\/test19108.futurehost.pl\/mwctest\/wp-json\/wp\/v2\/product"}],"about":[{"href":"https:\/\/test19108.futurehost.pl\/mwctest\/wp-json\/wp\/v2\/types\/product"}],"wp:featuredmedia":[{"embeddable":true,"href":"https:\/\/test19108.futurehost.pl\/mwctest\/wp-json\/wp\/v2\/media\/7794"}],"wp:attachment":[{"href":"https:\/\/test19108.futurehost.pl\/mwctest\/wp-json\/wp\/v2\/media?parent=2051"}],"wp:term":[{"taxonomy":"product_brand","embeddable":true,"href":"https:\/\/test19108.futurehost.pl\/mwctest\/wp-json\/wp\/v2\/product_brand?post=2051"},{"taxonomy":"product_cat","embeddable":true,"href":"https:\/\/test19108.futurehost.pl\/mwctest\/wp-json\/wp\/v2\/product_cat?post=2051"},{"taxonomy":"product_tag","embeddable":true,"href":"https:\/\/test19108.futurehost.pl\/mwctest\/wp-json\/wp\/v2\/product_tag?post=2051"}],"curies":[{"name":"wp","href":"https:\/\/api.w.org\/{rel}","templated":true}]}}